{"id":195,"date":"2020-03-27T16:02:42","date_gmt":"2020-03-27T15:02:42","guid":{"rendered":"http:\/\/www.chataigneduvar.fr\/?page_id=195"},"modified":"2022-11-02T15:37:27","modified_gmt":"2022-11-02T14:37:27","slug":"projets","status":"publish","type":"page","link":"https:\/\/www.chataigneduvar.fr\/index.php\/qui-sommes-nous\/projets\/","title":{"rendered":"Projets et actions"},"content":{"rendered":"\n<ul class=\"wp-block-list\"><li><a href=\"https:\/\/www.chataigneduvar.fr\/RESSOURCES\/R%C3%A9novation_pour_diffusion.pdf\" target=\"_blank\" rel=\"noreferrer noopener\">Programme de r\u00e9novation<\/a> et renouvellement des ch\u00e2taigneraies du Var<\/li><\/ul>\n\n\n\n<p>Le SPCV, en partenariat avec l&#8217;ASL Suberaie Varoise, anime depuis le d\u00e9but des ann\u00e9es 2000 un vaste programme de r\u00e9novation et de renouvellement des ch\u00e2taigneraies du Var. <\/p>\n\n\n\n<p>La <strong>r\u00e9novation<\/strong> consiste principalement : au d\u00e9broussaillement des ch\u00e2taigneraies non entretenues depuis plusieurs ann\u00e9es, \u00e0 l&#8217;\u00e9lagage l\u00e9ger ou s\u00e9v\u00e8re des vieux ch\u00e2taigniers d\u00e9p\u00e9rissants, \u00e0 leur taille de formation quelques ann\u00e9es apr\u00e8s leur \u00e9lagage.<\/p>\n\n\n\n<p>Le <strong>renouvellement<\/strong> quant \u00e0 lui, dans le massif ou en plaine, se traduit par le greffage des ch\u00e2taigniers sauvages et autres rejets et la plantation de nouveaux ch\u00e2taigniers, greffon de vari\u00e9t\u00e9 locale et traditionnelle Marrouge sur porte-greffe r\u00e9sistant \u00e0 l&#8217;encre du ch\u00e2taignier.<\/p>\n\n\n\n<p>Ce sont plus de <strong>150 hectares de ch\u00e2taigneraies traditionnelles<\/strong> qui ont \u00e9t\u00e9 r\u00e9nov\u00e9s depuis le d\u00e9but des ann\u00e9es 2 000 et pr\u00e8s de <strong>1 000 jeunes ch\u00e2taigniers<\/strong> de vari\u00e9t\u00e9 locale qui ont \u00e9t\u00e9 plant\u00e9s depuis 2017.<\/p>\n\n\n\n<figure class=\"wp-block-gallery has-nested-images columns-default is-cropped wp-block-gallery-1 is-layout-flex wp-block-gallery-is-layout-flex\">\n<figure class=\"wp-block-image size-large\"><img fetchpriority=\"high\" decoding=\"async\" width=\"768\" height=\"1024\" data-id=\"295\" src=\"https:\/\/www.chataigneduvar.fr\/wp-content\/uploads\/2021\/03\/7.2-768x1024.jpg\" alt=\"\" class=\"wp-image-295\" srcset=\"https:\/\/www.chataigneduvar.fr\/wp-content\/uploads\/2021\/03\/7.2-768x1024.jpg 768w, https:\/\/www.chataigneduvar.fr\/wp-content\/uploads\/2021\/03\/7.2-225x300.jpg 225w, https:\/\/www.chataigneduvar.fr\/wp-content\/uploads\/2021\/03\/7.2.jpg 972w\" sizes=\"(max-width: 767px) 89vw, (max-width: 1000px) 54vw, (max-width: 1071px) 543px, 580px\" \/><\/figure>\n\n\n\n<figure class=\"wp-block-image size-large\"><img decoding=\"async\" width=\"1024\" height=\"768\" data-id=\"296\" src=\"https:\/\/www.chataigneduvar.fr\/wp-content\/uploads\/2021\/03\/3-scale1024.jpg\" alt=\"\" class=\"wp-image-296\" srcset=\"https:\/\/www.chataigneduvar.fr\/wp-content\/uploads\/2021\/03\/3-scale1024.jpg 1024w, https:\/\/www.chataigneduvar.fr\/wp-content\/uploads\/2021\/03\/3-scale1024-300x225.jpg 300w, https:\/\/www.chataigneduvar.fr\/wp-content\/uploads\/2021\/03\/3-scale1024-768x576.jpg 768w\" sizes=\"(max-width: 767px) 89vw, (max-width: 1000px) 54vw, (max-width: 1071px) 543px, 580px\" \/><\/figure>\n\n\n\n<figure class=\"wp-block-image size-large\"><img decoding=\"async\" width=\"768\" height=\"1024\" data-id=\"297\" src=\"https:\/\/www.chataigneduvar.fr\/wp-content\/uploads\/2021\/03\/13-768x1024.jpg\" alt=\"\" class=\"wp-image-297\" srcset=\"https:\/\/www.chataigneduvar.fr\/wp-content\/uploads\/2021\/03\/13-768x1024.jpg 768w, https:\/\/www.chataigneduvar.fr\/wp-content\/uploads\/2021\/03\/13-225x300.jpg 225w, https:\/\/www.chataigneduvar.fr\/wp-content\/uploads\/2021\/03\/13-1152x1536.jpg 1152w, https:\/\/www.chataigneduvar.fr\/wp-content\/uploads\/2021\/03\/13.jpg 1368w\" sizes=\"(max-width: 767px) 89vw, (max-width: 1000px) 54vw, (max-width: 1071px) 543px, 580px\" \/><\/figure>\n\n\n\n<figure class=\"wp-block-image size-large\"><img loading=\"lazy\" decoding=\"async\" width=\"1024\" height=\"768\" data-id=\"298\" src=\"https:\/\/www.chataigneduvar.fr\/wp-content\/uploads\/2021\/03\/34-1024x768.jpg\" alt=\"\" class=\"wp-image-298\" srcset=\"https:\/\/www.chataigneduvar.fr\/wp-content\/uploads\/2021\/03\/34-1024x768.jpg 1024w, https:\/\/www.chataigneduvar.fr\/wp-content\/uploads\/2021\/03\/34-300x225.jpg 300w, https:\/\/www.chataigneduvar.fr\/wp-content\/uploads\/2021\/03\/34-768x576.jpg 768w, https:\/\/www.chataigneduvar.fr\/wp-content\/uploads\/2021\/03\/34-1536x1152.jpg 1536w, https:\/\/www.chataigneduvar.fr\/wp-content\/uploads\/2021\/03\/34.jpg 1824w\" sizes=\"(max-width: 767px) 89vw, (max-width: 1000px) 54vw, (max-width: 1071px) 543px, 580px\" \/><\/figure>\n\n\n\n<figure class=\"wp-block-image size-large\"><img loading=\"lazy\" decoding=\"async\" width=\"768\" height=\"1024\" data-id=\"299\" src=\"https:\/\/www.chataigneduvar.fr\/wp-content\/uploads\/2021\/03\/20190525_085508-768x1024.jpg\" alt=\"\" class=\"wp-image-299\" srcset=\"https:\/\/www.chataigneduvar.fr\/wp-content\/uploads\/2021\/03\/20190525_085508-768x1024.jpg 768w, https:\/\/www.chataigneduvar.fr\/wp-content\/uploads\/2021\/03\/20190525_085508-225x300.jpg 225w, https:\/\/www.chataigneduvar.fr\/wp-content\/uploads\/2021\/03\/20190525_085508-1152x1536.jpg 1152w, https:\/\/www.chataigneduvar.fr\/wp-content\/uploads\/2021\/03\/20190525_085508-1536x2048.jpg 1536w, https:\/\/www.chataigneduvar.fr\/wp-content\/uploads\/2021\/03\/20190525_085508-scaled.jpg 1920w\" sizes=\"(max-width: 767px) 89vw, (max-width: 1000px) 54vw, (max-width: 1071px) 543px, 580px\" \/><\/figure>\n<\/figure>\n\n\n\n<hr class=\"wp-block-separator has-css-opacity\"\/>\n\n\n\n<ul class=\"wp-block-list\"><li>Recueil et capitalisation des savoirs et savoir-faire castan\u00e9icoles du massif des Maures <\/li><\/ul>\n\n\n\n<p>En 2021, le SPCV, avec l&#8217;aide technique du Conservatoire M\u00e9diterran\u00e9en Partage et d&#8217;une anthropologue, entame le <a href=\"https:\/\/www.ChataigneduVar.fr\/RESSOURCES\/synthese_reprise27%2001%2022_chataigne.pdf\" target=\"_blank\" rel=\"noreferrer noopener\">recueil des savoirs et savoir-faire li\u00e9s \u00e0 la ch\u00e2taigne aupr\u00e8s des anciens du massif des Maures<\/a> et leur capitalisation. Ce savoir traditionnel et patrimonial ne doit pas \u00eatre perdu !<\/p>\n\n\n\n<hr class=\"wp-block-separator has-css-opacity\"\/>\n\n\n\n<ul class=\"wp-block-list\"><li>\u00c9tude de faisabilit\u00e9 d&#8217;un Projet de Signe d&#8217;Identification de la Qualit\u00e9 et de l&#8217;Origine et valorisation des ch\u00e2taignes et de leurs produits d\u00e9riv\u00e9s.<\/li><\/ul>\n\n\n\n<hr class=\"wp-block-separator has-css-opacity\"\/>\n\n\n\n<ul class=\"wp-block-list\"><li>Bilan des plantations de jeunes ch\u00e2taigniers r\u00e9alis\u00e9es depuis 2017 et adaptation au changement climatique<\/li><\/ul>\n\n\n\n<hr class=\"wp-block-separator has-css-opacity\"\/>\n\n\n\n<ul class=\"wp-block-list\"><li>Valoriser la ch\u00e2taigne et le Marron du Var. Mieux faire <a href=\"https:\/\/www.chataigneduvar.fr\/RESSOURCES\/r%C3%A9colte.pdf\" target=\"_blank\" rel=\"noreferrer noopener\">conna\u00eetre les qualit\u00e9s de ce fruit<\/a> et de ses bienfaits. Proposer des fili\u00e8res de <a href=\"https:\/\/www.chataigneduvar.fr\/RESSOURCES\/bi%C3%A8rePromo_GrandPublic%20-%20Copie.pdf\" target=\"_blank\" rel=\"noreferrer noopener\">transformations<\/a> qui permettent une plus juste r\u00e9mun\u00e9ration des castan\u00e9iculteurs.<\/li><\/ul>\n\n\n\n<ul class=\"wp-block-list\"><li>&#8230;<\/li><\/ul>\n\n\n\n<p>Retrouver l&#8217;ensemble du Compte Rendu de notre Assembl\u00e9e G\u00e9n\u00e9rale de 2022 en cliquant sur le lien ci dessous : <\/p>\n\n\n\n<div class=\"wp-block-buttons is-content-justification-center is-layout-flex wp-container-core-buttons-is-layout-16018d1d wp-block-buttons-is-layout-flex\">\n<div class=\"wp-block-button\"><a class=\"wp-block-button__link\" href=\"https:\/\/www.chataigneduvar.fr\/RESSOURCES\/CR_RAPPORTS%20AG%20SPCV%202022.pdf\">Rapport AG 2022 SPCV<\/a><\/div>\n<\/div>\n","protected":false},"excerpt":{"rendered":"<p>Programme de r\u00e9novation et renouvellement des ch\u00e2taigneraies du Var Le SPCV, en partenariat avec l&#8217;ASL Suberaie Varoise, anime depuis le d\u00e9but des ann\u00e9es 2000 un vaste programme de r\u00e9novation et de renouvellement des ch\u00e2taigneraies du Var. La r\u00e9novation consiste principalement : au d\u00e9broussaillement des ch\u00e2taigneraies non entretenues depuis plusieurs ann\u00e9es, \u00e0 l&#8217;\u00e9lagage l\u00e9ger ou s\u00e9v\u00e8re &hellip; <\/p>\n<p class=\"link-more\"><a href=\"https:\/\/www.chataigneduvar.fr\/index.php\/qui-sommes-nous\/projets\/\" class=\"more-link\">Continue reading<span class=\"screen-reader-text\"> &#8220;Projets et actions&#8221;<\/span><\/a><\/p>\n","protected":false},"author":1,"featured_media":0,"parent":39,"menu_order":2,"comment_status":"closed","ping_status":"closed","template":"","meta":{"footnotes":""},"class_list":["post-195","page","type-page","status-publish","hentry"],"_links":{"self":[{"href":"https:\/\/www.chataigneduvar.fr\/index.php\/wp-json\/wp\/v2\/pages\/195","targetHints":{"allow":["GET"]}}],"collection":[{"href":"https:\/\/www.chataigneduvar.fr\/index.php\/wp-json\/wp\/v2\/pages"}],"about":[{"href":"https:\/\/www.chataigneduvar.fr\/index.php\/wp-json\/wp\/v2\/types\/page"}],"author":[{"embeddable":true,"href":"https:\/\/www.chataigneduvar.fr\/index.php\/wp-json\/wp\/v2\/users\/1"}],"replies":[{"embeddable":true,"href":"https:\/\/www.chataigneduvar.fr\/index.php\/wp-json\/wp\/v2\/comments?post=195"}],"version-history":[{"count":14,"href":"https:\/\/www.chataigneduvar.fr\/index.php\/wp-json\/wp\/v2\/pages\/195\/revisions"}],"predecessor-version":[{"id":523,"href":"https:\/\/www.chataigneduvar.fr\/index.php\/wp-json\/wp\/v2\/pages\/195\/revisions\/523"}],"up":[{"embeddable":true,"href":"https:\/\/www.chataigneduvar.fr\/index.php\/wp-json\/wp\/v2\/pages\/39"}],"wp:attachment":[{"href":"https:\/\/www.chataigneduvar.fr\/index.php\/wp-json\/wp\/v2\/media?parent=195"}],"curies":[{"name":"wp","href":"https:\/\/api.w.org\/{rel}","templated":true}]}}