{"id":202,"date":"2020-03-27T17:14:34","date_gmt":"2020-03-27T16:14:34","guid":{"rendered":"http:\/\/www.chataigneduvar.fr\/?page_id=202"},"modified":"2023-03-06T22:56:06","modified_gmt":"2023-03-06T21:56:06","slug":"renouveler-ma-cotisation","status":"publish","type":"page","link":"https:\/\/www.chataigneduvar.fr\/index.php\/renouveler-ma-cotisation\/","title":{"rendered":"Renouveler ma cotisation au SPCV"},"content":{"rendered":"\n<form action=\"https:\/\/www.paypal.com\/cgi-bin\/webscr\" method=\"post\" target=\"_top\">\n<input type=\"hidden\" name=\"cmd\" value=\"_s-xclick\">\n<input type=\"hidden\" name=\"hosted_button_id\" value=\"TNXDKPUQHSV3C\">\n<table>\n<tr><td><input type=\"hidden\" name=\"on0\" value=\"Cotisation SPCV\">Cotisation SPCV<\/td><\/tr><tr><td><select name=\"os0\">\n\t<option value=\"College 1 : Agriculteur\">College 1 : Agriculteur \u20ac82,00 EUR<\/option>\n\t<option value=\"College 2 : cotisant solidaire ou SIRET\">College 2 : cotisant solidaire ou SIRET \u20ac62,00 EUR<\/option>\n\t<option value=\"College 3 : Propri\u00e9taire\">College 3 : Propri\u00e9taire \u20ac62,00 EUR<\/option>\n<\/select> <\/td><\/tr>\n<\/table>\n<input type=\"hidden\" name=\"currency_code\" value=\"EUR\">\n<input type=\"image\" src=\"https:\/\/www.paypalobjects.com\/fr_FR\/FR\/i\/btn\/btn_paynowCC_LG.gif\" border=\"0\" name=\"submit\" alt=\"PayPal, le r\u00e9flexe s\u00e9curit\u00e9 pour payer en ligne\">\n<img decoding=\"async\" alt=\"\" border=\"0\" src=\"https:\/\/www.paypalobjects.com\/fr_FR\/i\/scr\/pixel.gif\" width=\"1\" height=\"1\">\n<\/form>\n\n\n\n<p>Ce paiement est s\u00e9curis\u00e9 par Paypal, vous n&#8217;\u00eates pas oblig\u00e9 de cr\u00e9er un compte, vous pouvez cliquer sur <strong>payer avec une carte de cr\u00e9dit ou de d\u00e9bit Visa.<\/strong><\/p>\n\n\n\n<p>Le paiement par internet co\u00fbte 2\u20ac par transaction, prix r\u00e9percut\u00e9 sur le prix de la cotisation.<\/p>\n","protected":false},"excerpt":{"rendered":"<p>Cotisation SPCV College 1 : Agriculteur \u20ac82,00 EURCollege 2 : cotisant solidaire ou SIRET \u20ac62,00 EURCollege 3 : Propri\u00e9taire \u20ac62,00 EUR Ce paiement est s\u00e9curis\u00e9 par Paypal, vous n&#8217;\u00eates pas oblig\u00e9 de cr\u00e9er un compte, vous pouvez cliquer sur payer avec une carte de cr\u00e9dit ou de d\u00e9bit Visa. Le paiement par internet co\u00fbte 2\u20ac &hellip; <\/p>\n<p class=\"link-more\"><a href=\"https:\/\/www.chataigneduvar.fr\/index.php\/renouveler-ma-cotisation\/\" class=\"more-link\">Continue reading<span class=\"screen-reader-text\"> &#8220;Renouveler ma cotisation au SPCV&#8221;<\/span><\/a><\/p>\n","protected":false},"author":1,"featured_media":0,"parent":0,"menu_order":0,"comment_status":"closed","ping_status":"closed","template":"","meta":{"footnotes":""},"class_list":["post-202","page","type-page","status-publish","hentry"],"_links":{"self":[{"href":"https:\/\/www.chataigneduvar.fr\/index.php\/wp-json\/wp\/v2\/pages\/202","targetHints":{"allow":["GET"]}}],"collection":[{"href":"https:\/\/www.chataigneduvar.fr\/index.php\/wp-json\/wp\/v2\/pages"}],"about":[{"href":"https:\/\/www.chataigneduvar.fr\/index.php\/wp-json\/wp\/v2\/types\/page"}],"author":[{"embeddable":true,"href":"https:\/\/www.chataigneduvar.fr\/index.php\/wp-json\/wp\/v2\/users\/1"}],"replies":[{"embeddable":true,"href":"https:\/\/www.chataigneduvar.fr\/index.php\/wp-json\/wp\/v2\/comments?post=202"}],"version-history":[{"count":11,"href":"https:\/\/www.chataigneduvar.fr\/index.php\/wp-json\/wp\/v2\/pages\/202\/revisions"}],"predecessor-version":[{"id":545,"href":"https:\/\/www.chataigneduvar.fr\/index.php\/wp-json\/wp\/v2\/pages\/202\/revisions\/545"}],"wp:attachment":[{"href":"https:\/\/www.chataigneduvar.fr\/index.php\/wp-json\/wp\/v2\/media?parent=202"}],"curies":[{"name":"wp","href":"https:\/\/api.w.org\/{rel}","templated":true}]}}