{"id":222,"date":"2020-06-25T14:38:41","date_gmt":"2020-06-25T12:38:41","guid":{"rendered":"http:\/\/www.chataigneduvar.fr\/?page_id=222"},"modified":"2022-10-07T16:35:04","modified_gmt":"2022-10-07T14:35:04","slug":"ressources-techniques","status":"publish","type":"page","link":"https:\/\/www.chataigneduvar.fr\/index.php\/ressources-techniques\/","title":{"rendered":"Ressources Techniques"},"content":{"rendered":"\n<p>Vous trouverez ici des fiches techniques ainsi que des liens pour vous aider sur les principales techniques du castan\u00e9iculteur :<\/p>\n\n\n\n<p>Ces fiches techniques ont \u00e9t\u00e9 r\u00e9alis\u00e9es avec le soutien financier du Fonds Europ\u00e9en Agricole pour le D\u00e9veloppement Rural, dans le cadre du projet &#8220;D\u00e9veloppement de nouvelles pratiques et apprentissages de savoir-faire castan\u00e9icoles&#8221;.<\/p>\n\n\n\n<figure class=\"wp-block-image size-large\"><img fetchpriority=\"high\" decoding=\"async\" width=\"1024\" height=\"481\" src=\"https:\/\/www.chataigneduvar.fr\/wp-content\/uploads\/2021\/09\/FEADER-PACA-1024x481.jpg\" alt=\"\" class=\"wp-image-311\" srcset=\"https:\/\/www.chataigneduvar.fr\/wp-content\/uploads\/2021\/09\/FEADER-PACA-1024x481.jpg 1024w, https:\/\/www.chataigneduvar.fr\/wp-content\/uploads\/2021\/09\/FEADER-PACA-300x141.jpg 300w, https:\/\/www.chataigneduvar.fr\/wp-content\/uploads\/2021\/09\/FEADER-PACA-768x360.jpg 768w, https:\/\/www.chataigneduvar.fr\/wp-content\/uploads\/2021\/09\/FEADER-PACA.jpg 1287w\" sizes=\"(max-width: 767px) 89vw, (max-width: 1000px) 54vw, (max-width: 1071px) 543px, 580px\" \/><\/figure>\n\n\n\n<h4 class=\"wp-block-heading\"><a href=\"https:\/\/www.chataigneduvar.fr\/RESSOURCES\/R%C3%A9novation_pour_diffusion.pdf\" target=\"_blank\" rel=\"noreferrer noopener\">Calendrier et mission du castan\u00e9iculteur<\/a><\/h4>\n\n\n\n<p><a href=\"https:\/\/www.chataigneduvar.fr\/RESSOURCES\/Compte%20rendu%20de%20la%20journ%C3%A9e%20de%20formation%20du%2017%20Mars.pdf\" target=\"_blank\" rel=\"noreferrer noopener\">Gestion du sol et Adaptation au changement climatique <\/a><\/p>\n\n\n\n<h4 class=\"wp-block-heading\">R\u00e9nover une ch\u00e2taigneraie traditionnelle<\/h4>\n\n\n\n<p><a rel=\"noreferrer noopener\" href=\"https:\/\/www.chataigneduvar.fr\/RESSOURCES\/elagage_severe.pdf\" target=\"_blank\">L&#8217;\u00e9lagage s\u00e9v\u00e8re du ch\u00e2taignier<\/a><\/p>\n\n\n\n<p><a href=\"https:\/\/www.chataigneduvar.fr\/RESSOURCES\/suivi_elagage_severe.pdf\" target=\"_blank\" rel=\"noreferrer noopener\">Suivi de votre ch\u00e2taigneraie suite \u00e0 des \u00e9lagages s\u00e9v\u00e8res<\/a><\/p>\n\n\n\n<p><a href=\"https:\/\/www.chataigneduvar.fr\/RESSOURCES\/rehab_chat_ES.pdf\" target=\"_blank\" rel=\"noreferrer noopener\">La r\u00e9habilitation par \u00e9lagage s\u00e9v\u00e8re : principes, objectifs et conseils de suivi.<\/a><\/p>\n\n\n\n<h4 class=\"wp-block-heading\">Maladies et ravageurs des ch\u00e2taigniers :<\/h4>\n\n\n\n<p>Le cynips<\/p>\n\n\n\n<p><a href=\"https:\/\/www.ChataigneduVar.fr\/RESSOURCES\/Rigling-2014-Le_chancre_de_l%27%C3%A9corce_du-%28published_version%29.pdf\">Le chancre : le reconnaitre et le traiter.<\/a><\/p>\n\n\n\n<p>L&#8217;encre<\/p>\n\n\n\n<p>Le carpocapse<\/p>\n\n\n\n<h4 class=\"wp-block-heading\">Greffage :<\/h4>\n\n\n\n<p><a href=\"https:\/\/www.chataigneduvar.fr\/RESSOURCES\/Fiche%20technique%20greffage%202022.pdf\">Greffage du ch\u00e2taignier<\/a><\/p>\n\n\n\n<p class=\"has-text-align-left\"><a href=\"https:\/\/www.chataigneduvar.fr\/RESSOURCES\/technique_greffage_SPCV.mp4\" target=\"_blank\" rel=\"noreferrer noopener\">D\u00e9monstration de diff\u00e9rentes greffes<\/a><a rel=\"noreferrer noopener\" href=\"https:\/\/www.chataigneduvar.fr\/RESSOURCES\/technique_greffage_SPCV.mp4\" target=\"_blank\"> en vid\u00e9o<\/a><\/p>\n\n\n\n<p><a href=\"https:\/\/www.chataigneduvar.fr\/RESSOURCES\/Fiche_technique_suivi_taille_des_greffes_2019.pdf\" target=\"_blank\" rel=\"noreferrer noopener\">Suivi et taille des greffes<\/a><\/p>\n\n\n\n<h4 class=\"wp-block-heading\">Plantation :<\/h4>\n\n\n\n<p><a rel=\"noreferrer noopener\" href=\"https:\/\/www.chataigneduvar.fr\/RESSOURCES\/Fiche%20technique%20plantation%202017.pdf\" target=\"_blank\">Fiche technique Plantation du ch\u00e2taignier 1 : La plantation du ch\u00e2taignier &#8211; bien choisir ses vari\u00e9t\u00e9s et la parcelle.<\/a><\/p>\n\n\n\n<p><a rel=\"noreferrer noopener\" href=\"https:\/\/www.chataigneduvar.fr\/RESSOURCES\/Fiche%20technique%20plantation%202%20-%20chantier.pdf\" target=\"_blank\">Fiche technique Plantation du ch\u00e2taignier 2 : Le chantier de plantation et le syst\u00e8me d&#8217;irrigation.<\/a><\/p>\n\n\n\n<p><a href=\"https:\/\/www.chataigneduvar.fr\/RESSOURCES\/SUIVI%20DE%20PLANTATION%20-%20taille%20des%20ch%C3%A2taigniers.pdf\" target=\"_blank\" rel=\"noreferrer noopener\">Fiche technique Suivi de plantation : La taille des ch\u00e2taigniers greff\u00e9s plant\u00e9s les premi\u00e8res ann\u00e9es.<\/a><\/p>\n\n\n\n<h4 class=\"wp-block-heading\">Vari\u00e9t\u00e9s des ch\u00e2taigniers varois<\/h4>\n\n\n\n<p><\/p>\n\n\n\n<h4 class=\"wp-block-heading\">R\u00e9colte et transformation des ch\u00e2taignes<\/h4>\n\n\n\n<p>Comment r\u00e9colter les ch\u00e2taignes manuellement ?<\/p>\n\n\n\n<p><a href=\"https:\/\/www.chataigneduvar.fr\/RESSOURCES\/Fiche%20technique%20filets%20de%20r%c3%a9colte.pdf\">Filets de r\u00e9colte de ch\u00e2taignes et \u00e9bogueuse<\/a><\/p>\n\n\n\n<p>Conserver ses ch\u00e2taignes<\/p>\n\n\n\n<p>Griller les ch\u00e2taignes pour les vendre<\/p>\n\n\n\n<p>Faire de la cr\u00e8me de ch\u00e2taigne &#8211; techniques et r\u00e9glementation pour la vente.<\/p>\n\n\n\n<h4 class=\"wp-block-heading\">Arbres :<\/h4>\n\n\n\n<p>Comment lire l&#8217;architecture des ch\u00e2taigniers ? Livre face aux arbres<\/p>\n\n\n\n<p><\/p>\n\n\n\n<p><\/p>\n","protected":false},"excerpt":{"rendered":"<p>Vous trouverez ici des fiches techniques ainsi que des liens pour vous aider sur les principales techniques du castan\u00e9iculteur : Ces fiches techniques ont \u00e9t\u00e9 r\u00e9alis\u00e9es avec le soutien financier du Fonds Europ\u00e9en Agricole pour le D\u00e9veloppement Rural, dans le cadre du projet &#8220;D\u00e9veloppement de nouvelles pratiques et apprentissages de savoir-faire castan\u00e9icoles&#8221;. Calendrier et mission &hellip; <\/p>\n<p class=\"link-more\"><a href=\"https:\/\/www.chataigneduvar.fr\/index.php\/ressources-techniques\/\" class=\"more-link\">Continue reading<span class=\"screen-reader-text\"> &#8220;Ressources Techniques&#8221;<\/span><\/a><\/p>\n","protected":false},"author":1,"featured_media":0,"parent":0,"menu_order":0,"comment_status":"closed","ping_status":"closed","template":"","meta":{"footnotes":""},"class_list":["post-222","page","type-page","status-publish","hentry"],"_links":{"self":[{"href":"https:\/\/www.chataigneduvar.fr\/index.php\/wp-json\/wp\/v2\/pages\/222","targetHints":{"allow":["GET"]}}],"collection":[{"href":"https:\/\/www.chataigneduvar.fr\/index.php\/wp-json\/wp\/v2\/pages"}],"about":[{"href":"https:\/\/www.chataigneduvar.fr\/index.php\/wp-json\/wp\/v2\/types\/page"}],"author":[{"embeddable":true,"href":"https:\/\/www.chataigneduvar.fr\/index.php\/wp-json\/wp\/v2\/users\/1"}],"replies":[{"embeddable":true,"href":"https:\/\/www.chataigneduvar.fr\/index.php\/wp-json\/wp\/v2\/comments?post=222"}],"version-history":[{"count":18,"href":"https:\/\/www.chataigneduvar.fr\/index.php\/wp-json\/wp\/v2\/pages\/222\/revisions"}],"predecessor-version":[{"id":515,"href":"https:\/\/www.chataigneduvar.fr\/index.php\/wp-json\/wp\/v2\/pages\/222\/revisions\/515"}],"wp:attachment":[{"href":"https:\/\/www.chataigneduvar.fr\/index.php\/wp-json\/wp\/v2\/media?parent=222"}],"curies":[{"name":"wp","href":"https:\/\/api.w.org\/{rel}","templated":true}]}}