{"id":288,"date":"2021-03-31T16:37:56","date_gmt":"2021-03-31T14:37:56","guid":{"rendered":"https:\/\/www.chataigneduvar.fr\/?page_id=288"},"modified":"2023-03-06T22:54:29","modified_gmt":"2023-03-06T21:54:29","slug":"le-petit-annuaire-des-castaneiculteurs-et-castaneicultrices","status":"publish","type":"page","link":"https:\/\/www.chataigneduvar.fr\/index.php\/la-filiere-chataigne-du-var\/le-petit-annuaire-des-castaneiculteurs-et-castaneicultrices\/","title":{"rendered":"Le petit annuaire des castan\u00e9iculteurs et castan\u00e9icultrices"},"content":{"rendered":"\n<p>AUTRIC Benoit &#8211; La Portani\u00e8re <\/p>\n\n\n\n<p>DE SALENEUVE Geoffroy &#8211; La Bastide de la Cabri\u00e8re <\/p>\n\n\n\n<p>TOMBOLINI Fabien &#8211; La Ch\u00e2taigne Joyeuse <\/p>\n\n\n\n<p>LEPRA Anneke &#8211; Lou Castagni\u00e9 <\/p>\n\n\n\n<p><\/p>\n\n\n\n<p><\/p>\n\n\n\n<p>Et pleins d&#8217;autres&#8230; <\/p>\n","protected":false},"excerpt":{"rendered":"<p>AUTRIC Benoit &#8211; La Portani\u00e8re DE SALENEUVE Geoffroy &#8211; La Bastide de la Cabri\u00e8re TOMBOLINI Fabien &#8211; La Ch\u00e2taigne Joyeuse LEPRA Anneke &#8211; Lou Castagni\u00e9 Et pleins d&#8217;autres&#8230;<\/p>\n","protected":false},"author":1,"featured_media":0,"parent":274,"menu_order":0,"comment_status":"closed","ping_status":"closed","template":"","meta":{"footnotes":""},"class_list":["post-288","page","type-page","status-publish","hentry"],"_links":{"self":[{"href":"https:\/\/www.chataigneduvar.fr\/index.php\/wp-json\/wp\/v2\/pages\/288","targetHints":{"allow":["GET"]}}],"collection":[{"href":"https:\/\/www.chataigneduvar.fr\/index.php\/wp-json\/wp\/v2\/pages"}],"about":[{"href":"https:\/\/www.chataigneduvar.fr\/index.php\/wp-json\/wp\/v2\/types\/page"}],"author":[{"embeddable":true,"href":"https:\/\/www.chataigneduvar.fr\/index.php\/wp-json\/wp\/v2\/users\/1"}],"replies":[{"embeddable":true,"href":"https:\/\/www.chataigneduvar.fr\/index.php\/wp-json\/wp\/v2\/comments?post=288"}],"version-history":[{"count":3,"href":"https:\/\/www.chataigneduvar.fr\/index.php\/wp-json\/wp\/v2\/pages\/288\/revisions"}],"predecessor-version":[{"id":543,"href":"https:\/\/www.chataigneduvar.fr\/index.php\/wp-json\/wp\/v2\/pages\/288\/revisions\/543"}],"up":[{"embeddable":true,"href":"https:\/\/www.chataigneduvar.fr\/index.php\/wp-json\/wp\/v2\/pages\/274"}],"wp:attachment":[{"href":"https:\/\/www.chataigneduvar.fr\/index.php\/wp-json\/wp\/v2\/media?parent=288"}],"curies":[{"name":"wp","href":"https:\/\/api.w.org\/{rel}","templated":true}]}}