{"id":39,"date":"2020-03-26T13:20:35","date_gmt":"2020-03-26T12:20:35","guid":{"rendered":"http:\/\/www.chataigneduvar.fr\/?page_id=39"},"modified":"2023-03-06T22:55:33","modified_gmt":"2023-03-06T21:55:33","slug":"qui-sommes-nous","status":"publish","type":"page","link":"https:\/\/www.chataigneduvar.fr\/","title":{"rendered":"Qui sommes-nous ?"},"content":{"rendered":"\n<p>Le Syndicat des Producteurs de Ch\u00e2taignes du Var regroupe les producteurs et propri\u00e9taires de ch\u00e2taigneraies du d\u00e9partement du Var depuis 2001.<\/p>\n\n\n\n<div class=\"wp-block-cover is-light alignfull\" style=\"min-height:380px;aspect-ratio:unset;\"><span aria-hidden=\"true\" class=\"wp-block-cover__background has-background-dim-20 has-background-dim\"><\/span><img fetchpriority=\"high\" decoding=\"async\" width=\"1024\" height=\"768\" class=\"wp-block-cover__image-background wp-image-93\" alt=\"\" src=\"https:\/\/www.chataigneduvar.fr\/wp-content\/uploads\/2020\/03\/3-scale1024.jpg\" style=\"object-position:50% 80%\" data-object-fit=\"cover\" data-object-position=\"50% 80%\" srcset=\"https:\/\/www.chataigneduvar.fr\/wp-content\/uploads\/2020\/03\/3-scale1024.jpg 1024w, https:\/\/www.chataigneduvar.fr\/wp-content\/uploads\/2020\/03\/3-scale1024-300x225.jpg 300w, https:\/\/www.chataigneduvar.fr\/wp-content\/uploads\/2020\/03\/3-scale1024-768x576.jpg 768w\" sizes=\"(max-width: 767px) 89vw, (max-width: 1000px) 54vw, (max-width: 1071px) 543px, 580px\" \/><div class=\"wp-block-cover__inner-container is-layout-flow wp-block-cover-is-layout-flow\">\n<p class=\"has-text-align-center has-large-font-size\"><\/p>\n<\/div><\/div>\n\n\n\n<p><strong><strong>Le ch\u00e2taignier dans le Var, c&#8217;est plus qu&#8217;un arbre. Il participe directement aux enjeux :<\/strong><\/strong><\/p>\n\n\n\n<p>\u00b7&nbsp; <strong><em>De protection face aux incendies :<\/em><\/strong> un verger de ch\u00e2taigniers bien entretenu ne br\u00fble pas et constitue un v\u00e9ritable pare-feu.<\/p>\n\n\n\n<p>\u00b7&nbsp; <strong><em>\u00c9conomique : <\/em><\/strong>les ch\u00e2taigniers participent au maintien de l&#8217;emploi dans des zones rurales et \u00e0 la diversification \u00e9conomique et agricole du d\u00e9partement.<\/p>\n\n\n\n<p>\u00b7&nbsp; <strong><em>Culturel :<\/em><\/strong> La ch\u00e2taigne est le fruit embl\u00e9matique du massif des Maures. Le ch\u00e2taignier participe au rayonnement touristique du territoire, avec notamment ses f\u00eates de la ch\u00e2taigne qui \u00e9gayent les weekends d&#8217;octobre des communes castan\u00e9icoles varoises !<\/p>\n\n\n\n<p>\u00b7&nbsp; <strong><em>Environnemental :<\/em><\/strong> Les ch\u00e2taigneraies sont des milieux dits &#8220;ouverts&#8221;, en comparaison des for\u00eats dans lesquelles la plupart se trouvent, dites milieux &#8220;ferm\u00e9s&#8221;, et riche en biodiversit\u00e9 (flore inf\u00e9od\u00e9e, chauves souris et pics, source de nectar et de pollen pour les pollinisateurs &#8230;).<\/p>\n\n\n\n<div style=\"height:26px\" aria-hidden=\"true\" class=\"wp-block-spacer\"><\/div>\n\n\n\n<hr class=\"wp-block-separator has-css-opacity\"\/>\n\n\n\n<div style=\"height:26px\" aria-hidden=\"true\" class=\"wp-block-spacer\"><\/div>\n\n\n\n<p><strong>Missions du SPCV : <\/strong>Repr\u00e9senter et soutenir les castan\u00e9iculteurs varois de mani\u00e8re durable. Mais aussi valoriser, prot\u00e9ger et d\u00e9fendre les sp\u00e9cificit\u00e9s des ch\u00e2taignes et des marrons du Var..<\/p>\n\n\n\n<p><strong>Territoire :<\/strong> Le massif des Maures principalement ainsi que d&#8217;autres communes o\u00f9 le ch\u00e2taignier se plait, comme Camps-la-source, le pays de Fayence et quelques zones du massif de l&#8217;Esterel.<\/p>\n\n\n\n<p><strong>Actions du SPCV : <\/strong>Aide et accompagnement techniques des castan\u00e9iculteurs, Organisation de journ\u00e9es de formations de <a href=\"https:\/\/www.chataigneduvar.fr\/RESSOURCES\/technique_greffage_SPCV.mp4\" target=\"_blank\" rel=\"noreferrer noopener\">greffage<\/a>, de plantation, de taille, d&#8217;aide \u00e0 la transformation &#8230;, Animation et d\u00e9veloppement du programme de r\u00e9novation par \u00e9lagage et renouvellement par greffage et plantation des ch\u00e2taigneraies centenaires, Repr\u00e9sentation aupr\u00e8s des institutions et collectivit\u00e9s, Mise en place et animation d&#8217;une marque collective et de signes de qualit\u00e9 officiels tels que IGP et AOP \/ AOC&#8230;<\/p>\n\n\n\n<p><em>Le SPCV, en quelques chiffres : <\/em><\/p>\n\n\n\n<ul class=\"wp-block-list\"><li><em>110 adh\u00e9rents<\/em><\/li><li><em>Sur plus d&#8217;une douzaine de communes<\/em><\/li><li><em>&#8230; et de nombreux partenaires<\/em> financiers et techniques <\/li><\/ul>\n\n\n\n<figure class=\"wp-block-image size-large is-resized\"><img decoding=\"async\" src=\"https:\/\/www.chataigneduvar.fr\/wp-content\/uploads\/2020\/03\/VAR0093-1024x676.jpg\" alt=\"\" class=\"wp-image-33\" width=\"589\" height=\"388\" srcset=\"https:\/\/www.chataigneduvar.fr\/wp-content\/uploads\/2020\/03\/VAR0093-1024x676.jpg 1024w, https:\/\/www.chataigneduvar.fr\/wp-content\/uploads\/2020\/03\/VAR0093-300x198.jpg 300w, https:\/\/www.chataigneduvar.fr\/wp-content\/uploads\/2020\/03\/VAR0093-768x507.jpg 768w, https:\/\/www.chataigneduvar.fr\/wp-content\/uploads\/2020\/03\/VAR0093-1536x1014.jpg 1536w, https:\/\/www.chataigneduvar.fr\/wp-content\/uploads\/2020\/03\/VAR0093-2048x1352.jpg 2048w, https:\/\/www.chataigneduvar.fr\/wp-content\/uploads\/2020\/03\/VAR0093-1200x792.jpg 1200w, https:\/\/www.chataigneduvar.fr\/wp-content\/uploads\/2020\/03\/VAR0093-1980x1307.jpg 1980w\" sizes=\"(max-width: 589px) 100vw, 589px\" \/><\/figure>\n\n\n\n<p><\/p>\n","protected":false},"excerpt":{"rendered":"<p>Le Syndicat des Producteurs de Ch\u00e2taignes du Var regroupe les producteurs et propri\u00e9taires de ch\u00e2taigneraies du d\u00e9partement du Var depuis 2001. Le ch\u00e2taignier dans le Var, c&#8217;est plus qu&#8217;un arbre. Il participe directement aux enjeux : \u00b7&nbsp; De protection face aux incendies : un verger de ch\u00e2taigniers bien entretenu ne br\u00fble pas et constitue un &hellip; <\/p>\n<p class=\"link-more\"><a href=\"https:\/\/www.chataigneduvar.fr\/\" class=\"more-link\">Continue reading<span class=\"screen-reader-text\"> &#8220;Qui sommes-nous ?&#8221;<\/span><\/a><\/p>\n","protected":false},"author":1,"featured_media":0,"parent":0,"menu_order":0,"comment_status":"closed","ping_status":"closed","template":"","meta":{"footnotes":""},"class_list":["post-39","page","type-page","status-publish","hentry"],"_links":{"self":[{"href":"https:\/\/www.chataigneduvar.fr\/index.php\/wp-json\/wp\/v2\/pages\/39","targetHints":{"allow":["GET"]}}],"collection":[{"href":"https:\/\/www.chataigneduvar.fr\/index.php\/wp-json\/wp\/v2\/pages"}],"about":[{"href":"https:\/\/www.chataigneduvar.fr\/index.php\/wp-json\/wp\/v2\/types\/page"}],"author":[{"embeddable":true,"href":"https:\/\/www.chataigneduvar.fr\/index.php\/wp-json\/wp\/v2\/users\/1"}],"replies":[{"embeddable":true,"href":"https:\/\/www.chataigneduvar.fr\/index.php\/wp-json\/wp\/v2\/comments?post=39"}],"version-history":[{"count":39,"href":"https:\/\/www.chataigneduvar.fr\/index.php\/wp-json\/wp\/v2\/pages\/39\/revisions"}],"predecessor-version":[{"id":544,"href":"https:\/\/www.chataigneduvar.fr\/index.php\/wp-json\/wp\/v2\/pages\/39\/revisions\/544"}],"wp:attachment":[{"href":"https:\/\/www.chataigneduvar.fr\/index.php\/wp-json\/wp\/v2\/media?parent=39"}],"curies":[{"name":"wp","href":"https:\/\/api.w.org\/{rel}","templated":true}]}}