{"id":41,"date":"2020-03-26T13:20:35","date_gmt":"2020-03-26T12:20:35","guid":{"rendered":"http:\/\/www.chataigneduvar.fr\/?page_id=41"},"modified":"2023-03-06T23:08:41","modified_gmt":"2023-03-06T22:08:41","slug":"vous-accompagner","status":"publish","type":"page","link":"https:\/\/www.chataigneduvar.fr\/index.php\/vous-accompagner\/","title":{"rendered":"Aides pour les castan\u00e9iculteurs"},"content":{"rendered":"\n<div class=\"wp-block-group\"><div class=\"wp-block-group__inner-container is-layout-flow wp-block-group-is-layout-flow\">\n<h2 class=\"is-style-plain wp-block-heading\">Aide R\u00e9gionale <\/h2>\n<\/div><\/div>\n\n\n\n<div class=\"wp-block-group alignwide\"><div class=\"wp-block-group__inner-container is-layout-flow wp-block-group-is-layout-flow\">\n<div class=\"wp-block-media-text alignwide is-stacked-on-mobile is-vertically-aligned-center\" style=\"grid-template-columns:66% auto\"><figure class=\"wp-block-media-text__media\"><a href=\"https:\/\/www.chataigneduvar.fr\/RESSOURCES\/R%C3%A9novation_pour_diffusion.pdf\"><img fetchpriority=\"high\" decoding=\"async\" width=\"768\" height=\"1024\" src=\"https:\/\/www.chataigneduvar.fr\/wp-content\/uploads\/2022\/09\/photos-225-768x1024.jpg\" alt=\"\" class=\"wp-image-427 size-full\" srcset=\"https:\/\/www.chataigneduvar.fr\/wp-content\/uploads\/2022\/09\/photos-225-768x1024.jpg 768w, https:\/\/www.chataigneduvar.fr\/wp-content\/uploads\/2022\/09\/photos-225-225x300.jpg 225w, https:\/\/www.chataigneduvar.fr\/wp-content\/uploads\/2022\/09\/photos-225-1152x1536.jpg 1152w, https:\/\/www.chataigneduvar.fr\/wp-content\/uploads\/2022\/09\/photos-225-1536x2048.jpg 1536w, https:\/\/www.chataigneduvar.fr\/wp-content\/uploads\/2022\/09\/photos-225-scaled.jpg 1920w\" sizes=\"(max-width: 767px) 89vw, (max-width: 1000px) 54vw, (max-width: 1071px) 543px, 580px\" \/><\/a><\/figure><div class=\"wp-block-media-text__content\">\n<p class=\"has-text-align-left\">Comme chaque ann\u00e9e \u00e0 l&#8217;arriv\u00e9e de l&#8217;automne, nous lan\u00e7ons une campagne de restauration des anciens vergers de ch\u00e2taigniers. C&#8217;est pour nous l&#8217;occasion de vous retrouver au milieu de vos ch\u00e2taigniers pour faire le point sur les r\u00e9sultats des interventions pass\u00e9es, d\u00e9finir la suite de la r\u00e9habilitation de vos vergers et vous proposer un diagnostique sur le potentiel de production de vos arbres.<\/p>\n\n\n\n<p class=\"has-text-align-center\">Nous pouvons d\u00e9finir ensemble les diff\u00e9rents travaux \u00e0 pr\u00e9voir pour la p\u00e9riode hivernale.<\/p>\n\n\n\n<p class=\"has-text-align-center\">Vous trouverez la liste des interventions financ\u00e9es, le taux d&#8217;aide actuel et d&#8217;autres informations utiles sur notre dispositif de soutien technique et financier en cliquant sur le lien  ci-dessous :<\/p>\n\n\n\n<div class=\"wp-block-buttons is-content-justification-center is-layout-flex wp-container-core-buttons-is-layout-16018d1d wp-block-buttons-is-layout-flex\">\n<div class=\"wp-block-button\"><a class=\"wp-block-button__link has-background\" href=\"https:\/\/www.chataigneduvar.fr\/RESSOURCES\/R%C3%A9novation_pour_diffusion.pdf\" style=\"border-radius:20px;background-color:#3e2300\">Programme de Restauration des Ch\u00e2taigneraies <\/a><\/div>\n<\/div>\n<\/div><\/div>\n<\/div><\/div>\n\n\n\n<div class=\"wp-block-group\"><div class=\"wp-block-group__inner-container is-layout-flow wp-block-group-is-layout-flow\">\n<div class=\"wp-block-group alignwide\"><div class=\"wp-block-group__inner-container is-layout-flow wp-block-group-is-layout-flow\">\n<div class=\"wp-block-media-text alignwide has-media-on-the-right is-stacked-on-mobile\" style=\"grid-template-columns:auto 36%\"><figure class=\"wp-block-media-text__media\"><img decoding=\"async\" width=\"512\" height=\"405\" src=\"https:\/\/www.chataigneduvar.fr\/wp-content\/uploads\/2020\/03\/logo-m_rond_petit.gif\" alt=\"\" class=\"wp-image-183 size-full\"\/><\/figure><div class=\"wp-block-media-text__content\">\n<div class=\"wp-block-group\"><div class=\"wp-block-group__inner-container is-layout-flow wp-block-group-is-layout-flow\">\n<p>Si vous \u00eates int\u00e9ress\u00e9(e), n\u2019h\u00e9sitez pas \u00e0 nous contacter afin que l\u2019on convienne d\u2019une visite sur votre parcelle, ou pour tout renseignement sur ce programme.<\/p>\n<\/div><\/div>\n\n\n\n<div class=\"wp-block-group\"><div class=\"wp-block-group__inner-container is-layout-flow wp-block-group-is-layout-flow\">\n<p>L&#8217;organisation des visites \u00e9tant r\u00e9alis\u00e9e par le Syndicat des Producteurs de Ch\u00e2taignes du Var, nous vous invitons \u00e0 nous adresser vos disponibilit\u00e9s sur l&#8217;adresse : <a href=\"mailto:spcv@orange.fr\">spcv@orange.fr<\/a> ou \u00e0 appeler directement le technicien au 06 58 20 43 13.<\/p>\n\n\n\n<p><\/p>\n<\/div><\/div>\n<\/div><\/div>\n<\/div><\/div>\n\n\n\n<div class=\"wp-block-group\"><div class=\"wp-block-group__inner-container is-layout-flow wp-block-group-is-layout-flow\">\n<div class=\"wp-block-media-text alignwide has-media-on-the-right is-stacked-on-mobile\" style=\"grid-template-columns:auto 36%\"><figure class=\"wp-block-media-text__media\"><img decoding=\"async\" width=\"999\" height=\"1024\" src=\"https:\/\/www.chataigneduvar.fr\/wp-content\/uploads\/2022\/09\/LOGO-COULEUR-999x1024.jpg\" alt=\"\" class=\"wp-image-428 size-full\" srcset=\"https:\/\/www.chataigneduvar.fr\/wp-content\/uploads\/2022\/09\/LOGO-COULEUR-999x1024.jpg 999w, https:\/\/www.chataigneduvar.fr\/wp-content\/uploads\/2022\/09\/LOGO-COULEUR-293x300.jpg 293w, https:\/\/www.chataigneduvar.fr\/wp-content\/uploads\/2022\/09\/LOGO-COULEUR-768x787.jpg 768w, https:\/\/www.chataigneduvar.fr\/wp-content\/uploads\/2022\/09\/LOGO-COULEUR.jpg 1134w\" sizes=\"(max-width: 767px) 89vw, (max-width: 1000px) 54vw, (max-width: 1071px) 543px, 580px\" \/><\/figure><div class=\"wp-block-media-text__content\">\n<p>Le programme de restauration port\u00e9 par l&#8217;ASL Suberaie Varoise et le Syndicat des Producteurs de Ch\u00e2taigne du Var est soutenu financi\u00e8rement par la R\u00e9gion Sud.<\/p>\n<\/div><\/div>\n<\/div><\/div>\n<\/div><\/div>\n\n\n<div class=\"wp-block-image\">\n<figure class=\"aligncenter size-large is-resized\"><img loading=\"lazy\" decoding=\"async\" src=\"https:\/\/www.chataigneduvar.fr\/wp-content\/uploads\/2022\/09\/FEADER-Region-PACA-1-1024x340.jpg\" alt=\"\" class=\"wp-image-439\" width=\"626\" height=\"207\" srcset=\"https:\/\/www.chataigneduvar.fr\/wp-content\/uploads\/2022\/09\/FEADER-Region-PACA-1-1024x340.jpg 1024w, https:\/\/www.chataigneduvar.fr\/wp-content\/uploads\/2022\/09\/FEADER-Region-PACA-1-300x99.jpg 300w, https:\/\/www.chataigneduvar.fr\/wp-content\/uploads\/2022\/09\/FEADER-Region-PACA-1-768x255.jpg 768w, https:\/\/www.chataigneduvar.fr\/wp-content\/uploads\/2022\/09\/FEADER-Region-PACA-1.jpg 1143w\" sizes=\"(max-width: 626px) 100vw, 626px\" \/><\/figure><\/div>\n\n\n<div class=\"wp-block-group\"><div class=\"wp-block-group__inner-container is-layout-flow wp-block-group-is-layout-flow\">\n<h2 class=\"wp-block-heading\">Aide PAC <\/h2>\n<\/div><\/div>\n\n\n\n<p>La nouvelle PAC 2023 permet aux castan\u00e9iculteurs de toucher des aides. <\/p>\n\n\n\n<p>N&#8217;h\u00e9sitez pas \u00e0 vous rapprocher des organismes aptes \u00e0 r\u00e9pondre \u00e0 vos interrogations.  <\/p>\n","protected":false},"excerpt":{"rendered":"<p>Aide R\u00e9gionale Comme chaque ann\u00e9e \u00e0 l&#8217;arriv\u00e9e de l&#8217;automne, nous lan\u00e7ons une campagne de restauration des anciens vergers de ch\u00e2taigniers. C&#8217;est pour nous l&#8217;occasion de vous retrouver au milieu de vos ch\u00e2taigniers pour faire le point sur les r\u00e9sultats des interventions pass\u00e9es, d\u00e9finir la suite de la r\u00e9habilitation de vos vergers et vous proposer un &hellip; <\/p>\n<p class=\"link-more\"><a href=\"https:\/\/www.chataigneduvar.fr\/index.php\/vous-accompagner\/\" class=\"more-link\">Continue reading<span class=\"screen-reader-text\"> &#8220;Aides pour les castan\u00e9iculteurs&#8221;<\/span><\/a><\/p>\n","protected":false},"author":1,"featured_media":0,"parent":0,"menu_order":0,"comment_status":"closed","ping_status":"closed","template":"","meta":{"footnotes":""},"class_list":["post-41","page","type-page","status-publish","hentry"],"_links":{"self":[{"href":"https:\/\/www.chataigneduvar.fr\/index.php\/wp-json\/wp\/v2\/pages\/41","targetHints":{"allow":["GET"]}}],"collection":[{"href":"https:\/\/www.chataigneduvar.fr\/index.php\/wp-json\/wp\/v2\/pages"}],"about":[{"href":"https:\/\/www.chataigneduvar.fr\/index.php\/wp-json\/wp\/v2\/types\/page"}],"author":[{"embeddable":true,"href":"https:\/\/www.chataigneduvar.fr\/index.php\/wp-json\/wp\/v2\/users\/1"}],"replies":[{"embeddable":true,"href":"https:\/\/www.chataigneduvar.fr\/index.php\/wp-json\/wp\/v2\/comments?post=41"}],"version-history":[{"count":14,"href":"https:\/\/www.chataigneduvar.fr\/index.php\/wp-json\/wp\/v2\/pages\/41\/revisions"}],"predecessor-version":[{"id":549,"href":"https:\/\/www.chataigneduvar.fr\/index.php\/wp-json\/wp\/v2\/pages\/41\/revisions\/549"}],"wp:attachment":[{"href":"https:\/\/www.chataigneduvar.fr\/index.php\/wp-json\/wp\/v2\/media?parent=41"}],"curies":[{"name":"wp","href":"https:\/\/api.w.org\/{rel}","templated":true}]}}